{"id":4001,"date":"2016-04-01T10:50:28","date_gmt":"2016-04-01T08:50:28","guid":{"rendered":"https:\/\/famax.hu\/kezdolap\/"},"modified":"2025-01-17T12:07:10","modified_gmt":"2025-01-17T11:07:10","slug":"kezdolap","status":"publish","type":"page","link":"https:\/\/famax.hu\/en\/","title":{"rendered":"Kezd\u0151lap"},"content":{"rendered":"<p>[et_pb_section fb_built=&#8221;1&#8243; custom_padding_last_edited=&#8221;on|phone&#8221; _builder_version=&#8221;4.13.1&#8243; background_color=&#8221;#000000&#8243; background_image=&#8221;https:\/\/famax.hu\/wp-content\/uploads\/2019\/06\/famax_background01.jpg&#8221; custom_padding=&#8221;||60px|&#8221; custom_padding_tablet=&#8221;50px|0|50px|0&#8243; custom_padding_phone=&#8221;30px||30px&#8221; bottom_divider_color=&#8221;#7CAFC4&#8243; bottom_divider_height=&#8221;51px&#8221; transparent_background=&#8221;off&#8221; global_colors_info=&#8221;{}&#8221;][et_pb_row column_structure=&#8221;2_3,1_3&#8243; padding_mobile=&#8221;off&#8221; column_padding_mobile=&#8221;on&#8221; _builder_version=&#8221;3.25&#8243; background_size=&#8221;initial&#8221; background_position=&#8221;top_left&#8221; background_repeat=&#8221;repeat&#8221; global_colors_info=&#8221;{}&#8221;][et_pb_column type=&#8221;2_3&#8243; _builder_version=&#8221;3.25&#8243; custom_padding=&#8221;|||&#8221; global_colors_info=&#8221;{}&#8221; custom_padding__hover=&#8221;|||&#8221;][et_pb_image src=&#8221;https:\/\/famax.hu\/wp-content\/uploads\/2016\/04\/szoveg_fooldal_07.png&#8221; alt=&#8221;FAMAX Comp informatikai szolg\u00e1ltat\u00e1sok Budapest&#8221; force_fullwidth=&#8221;on&#8221; align_tablet=&#8221;center&#8221; align_phone=&#8221;&#8221; align_last_edited=&#8221;on|desktop&#8221; _builder_version=&#8221;4.14.1&#8243; animation_style=&#8221;slide&#8221; animation_direction=&#8221;left&#8221; animation_duration=&#8221;400ms&#8221; animation_intensity_slide=&#8221;10%&#8221; hover_enabled=&#8221;0&#8243; animation=&#8221;left&#8221; sticky=&#8221;off&#8221; use_border_color=&#8221;off&#8221; border_color=&#8221;#ffffff&#8221; border_style=&#8221;solid&#8221; global_colors_info=&#8221;{}&#8221; sticky_enabled=&#8221;0&#8243;]&nbsp;<br \/>\n[\/et_pb_image][\/et_pb_column][et_pb_column type=&#8221;1_3&#8243; _builder_version=&#8221;3.25&#8243; custom_padding=&#8221;|||&#8221; global_colors_info=&#8221;{}&#8221; custom_padding__hover=&#8221;|||&#8221;][\/et_pb_column][\/et_pb_row][\/et_pb_section][et_pb_section fb_built=&#8221;1&#8243; fullwidth=&#8221;on&#8221; custom_padding_last_edited=&#8221;on|phone&#8221; _builder_version=&#8221;3.24.1&#8243; background_color=&#8221;#000000&#8243; custom_margin=&#8221;|0px||0px&#8221; custom_padding=&#8221;|||&#8221; custom_padding_tablet=&#8221;50px|0|50px|0&#8243; custom_padding_phone=&#8221;0px||0px|&#8221; top_divider_color=&#8221;#000000&#8243; top_divider_height=&#8221;31px&#8221; top_divider_flip=&#8221;horizontal&#8221; bottom_divider_height=&#8221;45px&#8221; bottom_divider_flip=&#8221;horizontal&#8221; transparent_background=&#8221;off&#8221; global_colors_info=&#8221;{}&#8221;][et_pb_fullwidth_header text_orientation=&#8221;center&#8221; header_scroll_down=&#8221;on&#8221; _builder_version=&#8221;3.25.3&#8243; title_font=&#8221;Comfortaa||||||||&#8221; title_font_size=&#8221;45px&#8221; title_letter_spacing=&#8221;1px&#8221; content_font=&#8221;||||||||&#8221; background_color=&#8221;#7cafc4&#8243; max_width_tablet=&#8221;50px&#8221; custom_margin=&#8221;||&#8221; custom_padding=&#8221;20px|0px|40px|0px&#8221; custom_padding_tablet=&#8221;&#8221; custom_padding_phone=&#8221;0px||40px&#8221; custom_padding_last_edited=&#8221;on|phone&#8221; title_font_size_tablet=&#8221;&#8221; title_font_size_phone=&#8221;30px&#8221; title_font_size_last_edited=&#8221;on|phone&#8221; content_text_shadow_style=&#8221;preset2&#8243; text_shadow_style=&#8221;preset5&#8243; text_shadow_vertical_length=&#8221;0.14em&#8221; global_colors_info=&#8221;{}&#8221; button_one_text_size__hover_enabled=&#8221;off&#8221; button_two_text_size__hover_enabled=&#8221;off&#8221; button_one_text_color__hover_enabled=&#8221;off&#8221; button_two_text_color__hover_enabled=&#8221;off&#8221; button_one_border_width__hover_enabled=&#8221;off&#8221; button_two_border_width__hover_enabled=&#8221;off&#8221; button_one_border_color__hover_enabled=&#8221;off&#8221; button_two_border_color__hover_enabled=&#8221;off&#8221; button_one_border_radius__hover_enabled=&#8221;off&#8221; button_two_border_radius__hover_enabled=&#8221;off&#8221; button_one_letter_spacing__hover_enabled=&#8221;off&#8221; button_two_letter_spacing__hover_enabled=&#8221;off&#8221; button_one_bg_color__hover_enabled=&#8221;off&#8221; button_two_bg_color__hover_enabled=&#8221;off&#8221;]<\/p>\n<h1>A FAMAX Comp szolg\u00e1ltat\u00e1sai<\/h1>\n<p>[\/et_pb_fullwidth_header][\/et_pb_section][et_pb_section fb_built=&#8221;1&#8243; custom_padding_last_edited=&#8221;on|phone&#8221; next_background_color=&#8221;#e5f5ff&#8221; _builder_version=&#8221;3.24.1&#8243; background_color=&#8221;#f7fcff&#8221; custom_padding=&#8221;20px||0px|&#8221; custom_padding_tablet=&#8221;50px|0|50px|0&#8243; custom_padding_phone=&#8221;0px||30px&#8221; bottom_divider_style=&#8221;wave2&#8243; bottom_divider_height=&#8221;55px&#8221; global_colors_info=&#8221;{}&#8221;][et_pb_row column_structure=&#8221;1_2,1_2&#8243; padding_mobile=&#8221;off&#8221; column_padding_mobile=&#8221;on&#8221; _builder_version=&#8221;3.25&#8243; background_size=&#8221;initial&#8221; background_position=&#8221;top_left&#8221; background_repeat=&#8221;repeat&#8221; global_colors_info=&#8221;{}&#8221;][et_pb_column type=&#8221;1_2&#8243; _builder_version=&#8221;3.25&#8243; custom_padding=&#8221;|||&#8221; global_colors_info=&#8221;{}&#8221; custom_padding__hover=&#8221;|||&#8221;][et_pb_image src=&#8221;https:\/\/famax.hu\/wp-content\/uploads\/2016\/04\/rendszergazda.png&#8221; alt=&#8221;Rendszerfel\u00fcgyelet, rendszergazdas\u00e1g&#8221; align_tablet=&#8221;center&#8221; align_phone=&#8221;&#8221; align_last_edited=&#8221;on|desktop&#8221; disabled_on=&#8221;on|off|off&#8221; _builder_version=&#8221;3.24.1&#8243; animation_style=&#8221;slide&#8221; animation_direction=&#8221;left&#8221; animation_duration=&#8221;500ms&#8221; animation_intensity_slide=&#8221;10%&#8221; sticky=&#8221;off&#8221; use_border_color=&#8221;off&#8221; border_color=&#8221;#ffffff&#8221; border_width=&#8221;1px&#8221; border_style=&#8221;solid&#8221; global_colors_info=&#8221;{}&#8221;]&nbsp;<br \/>\n[\/et_pb_image][\/et_pb_column][et_pb_column type=&#8221;1_2&#8243; _builder_version=&#8221;3.25&#8243; custom_padding=&#8221;|||&#8221; global_colors_info=&#8221;{}&#8221; custom_padding__hover=&#8221;|||&#8221;][et_pb_blurb title=&#8221;Rendszerfel\u00fcgyelet&#8221; url=&#8221;https:\/\/famax.hu\/rendszerfelugyelet\/&#8221; use_icon=&#8221;on&#8221; font_icon=&#8221;&#xe035;||divi||400&#8243; icon_color=&#8221;#4d5061&#8243; _builder_version=&#8221;4.13.0&#8243; header_level=&#8221;h2&#8243; header_font=&#8221;Comfortaa||||&#8221; header_text_color=&#8221;#7cafc4&#8243; header_font_size=&#8221;42px&#8221; header_line_height=&#8221;2.2em&#8221; body_font_size=&#8221;16px&#8221; body_letter_spacing=&#8221;1px&#8221; background_size=&#8221;initial&#8221; background_position=&#8221;top_left&#8221; background_repeat=&#8221;repeat&#8221; text_orientation=&#8221;center&#8221; max_width_tablet=&#8221;50px&#8221; animation=&#8221;left&#8221; header_font_size_tablet=&#8221;&#8221; header_font_size_phone=&#8221;31px&#8221; header_font_size_last_edited=&#8221;on|phone&#8221; border_color_all=&#8221;#ffffff&#8221; border_style_all=&#8221;solid&#8221; use_border_color=&#8221;off&#8221; border_color=&#8221;#ffffff&#8221; border_style=&#8221;solid&#8221; global_colors_info=&#8221;{}&#8221;]<\/p>\n<p>Kis- \u00e9s k\u00f6z\u00e9pv\u00e1llalkoz\u00e1sok teljes informatikai rendszereinek, h\u00e1l\u00f3zatainak fix havi \u00e1ltal\u00e1nyd\u00edjas vagy eseti karbantart\u00e1sa, \u00fczemeltet\u00e9se.<\/p>\n<p>[\/et_pb_blurb][\/et_pb_column][\/et_pb_row][\/et_pb_section][et_pb_section fb_built=&#8221;1&#8243; custom_padding_last_edited=&#8221;on|desktop&#8221; next_background_color=&#8221;#f7fcff&#8221; _builder_version=&#8221;3.24.1&#8243; background_color=&#8221;#e5f5ff&#8221; custom_padding=&#8221;20px||0px|&#8221; custom_padding_tablet=&#8221;50px|0|50px|0&#8243; custom_padding_phone=&#8221;0px||0px&#8221; bottom_divider_style=&#8221;wave2&#8243; bottom_divider_flip=&#8221;horizontal&#8221; global_colors_info=&#8221;{}&#8221;][et_pb_row column_structure=&#8221;1_2,1_2&#8243; padding_mobile=&#8221;off&#8221; column_padding_mobile=&#8221;on&#8221; _builder_version=&#8221;3.25&#8243; background_size=&#8221;initial&#8221; background_position=&#8221;top_left&#8221; background_repeat=&#8221;repeat&#8221; global_colors_info=&#8221;{}&#8221;][et_pb_column type=&#8221;1_2&#8243; _builder_version=&#8221;3.25&#8243; custom_padding=&#8221;|||&#8221; global_colors_info=&#8221;{}&#8221; custom_padding__hover=&#8221;|||&#8221;][et_pb_blurb title=&#8221;Weboptimaliz\u00e1l\u00e1s&#8221; url=&#8221;https:\/\/famax.hu\/weboptimalizalas\/&#8221; use_icon=&#8221;on&#8221; font_icon=&#8221;&#xe0f2;||divi||400&#8243; icon_color=&#8221;#4d5061&#8243; _builder_version=&#8221;4.13.0&#8243; header_level=&#8221;h3&#8243; header_font=&#8221;Comfortaa||||&#8221; header_text_color=&#8221;#7cafc4&#8243; header_font_size=&#8221;42px&#8221; header_line_height=&#8221;2.2em&#8221; body_font_size=&#8221;16px&#8221; body_letter_spacing=&#8221;1px&#8221; background_size=&#8221;initial&#8221; background_position=&#8221;top_left&#8221; background_repeat=&#8221;repeat&#8221; text_orientation=&#8221;center&#8221; max_width_tablet=&#8221;50px&#8221; animation=&#8221;right&#8221; header_font_size_tablet=&#8221;&#8221; header_font_size_phone=&#8221;31px&#8221; header_font_size_last_edited=&#8221;on|phone&#8221; border_color_all=&#8221;#ffffff&#8221; use_border_color=&#8221;off&#8221; border_color=&#8221;#ffffff&#8221; border_width=&#8221;1px&#8221; border_style=&#8221;solid&#8221; global_colors_info=&#8221;{}&#8221;]<\/p>\n<p>M\u00e1r megl\u00e9v\u0151 weboldalak teljes\u00edt\u00e9si probl\u00e9m\u00e1inak felt\u00e1r\u00e1sa, kijav\u00edt\u00e1sa, \u00faj weboldalak keres\u0151bar\u00e1t kialak\u00edt\u00e1sa.<\/p>\n<p>[\/et_pb_blurb][\/et_pb_column][et_pb_column type=&#8221;1_2&#8243; _builder_version=&#8221;3.25&#8243; custom_padding=&#8221;|||&#8221; global_colors_info=&#8221;{}&#8221; custom_padding__hover=&#8221;|||&#8221;][et_pb_image src=&#8221;https:\/\/famax.hu\/wp-content\/uploads\/2019\/06\/seo_kereso_optimalizalas.png&#8221; alt=&#8221;Keres\u0151optimaliz\u00e1l\u00e1s&#8221; align_tablet=&#8221;center&#8221; align_phone=&#8221;&#8221; align_last_edited=&#8221;on|desktop&#8221; disabled_on=&#8221;on|off|off&#8221; _builder_version=&#8221;3.24.1&#8243; animation_style=&#8221;slide&#8221; animation_direction=&#8221;left&#8221; animation_duration=&#8221;500ms&#8221; animation_intensity_slide=&#8221;10%&#8221; sticky=&#8221;off&#8221; use_border_color=&#8221;off&#8221; border_color=&#8221;#ffffff&#8221; border_width=&#8221;1px&#8221; border_style=&#8221;solid&#8221; global_colors_info=&#8221;{}&#8221;]&nbsp;<br \/>\n[\/et_pb_image][\/et_pb_column][\/et_pb_row][\/et_pb_section][et_pb_section fb_built=&#8221;1&#8243; custom_padding_last_edited=&#8221;on|desktop&#8221; next_background_color=&#8221;#e5f5ff&#8221; _builder_version=&#8221;3.24.1&#8243; background_color=&#8221;#f7fcff&#8221; custom_margin_tablet=&#8221;&#8221; custom_margin_phone=&#8221;-30px||&#8221; custom_margin_last_edited=&#8221;on|phone&#8221; custom_padding=&#8221;20px||0px|&#8221; custom_padding_tablet=&#8221;50px|0|50px|0&#8243; custom_padding_phone=&#8221;0px||10px&#8221; bottom_divider_style=&#8221;wave2&#8243; bottom_divider_height=&#8221;55px&#8221; bottom_divider_flip=&#8221;horizontal&#8221; global_colors_info=&#8221;{}&#8221;][et_pb_row column_structure=&#8221;1_2,1_2&#8243; padding_mobile=&#8221;off&#8221; column_padding_mobile=&#8221;on&#8221; _builder_version=&#8221;3.25&#8243; background_size=&#8221;initial&#8221; background_position=&#8221;top_left&#8221; background_repeat=&#8221;repeat&#8221; global_colors_info=&#8221;{}&#8221;][et_pb_column type=&#8221;1_2&#8243; _builder_version=&#8221;3.25&#8243; custom_padding=&#8221;|||&#8221; global_colors_info=&#8221;{}&#8221; custom_padding__hover=&#8221;|||&#8221;][et_pb_image src=&#8221;https:\/\/famax.hu\/wp-content\/uploads\/2016\/04\/weboldal_keszites_2.png&#8221; alt=&#8221;Weboldal fejleszt\u00e9s&#8221; align_tablet=&#8221;center&#8221; align_phone=&#8221;&#8221; align_last_edited=&#8221;on|desktop&#8221; disabled_on=&#8221;on|off|off&#8221; _builder_version=&#8221;3.24.1&#8243; animation_style=&#8221;slide&#8221; animation_direction=&#8221;left&#8221; animation_duration=&#8221;500ms&#8221; animation_intensity_slide=&#8221;10%&#8221; sticky=&#8221;off&#8221; use_border_color=&#8221;off&#8221; border_color=&#8221;#ffffff&#8221; border_width=&#8221;1px&#8221; border_style=&#8221;solid&#8221; global_colors_info=&#8221;{}&#8221;]&nbsp;<br \/>\n[\/et_pb_image][\/et_pb_column][et_pb_column type=&#8221;1_2&#8243; _builder_version=&#8221;3.25&#8243; custom_padding=&#8221;|||&#8221; global_colors_info=&#8221;{}&#8221; custom_padding__hover=&#8221;|||&#8221;][et_pb_blurb title=&#8221;Weboldal k\u00e9sz\u00edt\u00e9s&#8221; url=&#8221;https:\/\/famax.hu\/weboldal-keszites\/&#8221; use_icon=&#8221;on&#8221; font_icon=&#8221;&#xe0c7;||divi||400&#8243; icon_color=&#8221;#4d5061&#8243; _builder_version=&#8221;4.13.0&#8243; header_level=&#8221;h3&#8243; header_font=&#8221;Comfortaa||||&#8221; header_text_color=&#8221;#7cafc4&#8243; header_font_size=&#8221;42px&#8221; header_line_height=&#8221;2.2em&#8221; body_font_size=&#8221;16px&#8221; body_letter_spacing=&#8221;1px&#8221; background_size=&#8221;initial&#8221; background_position=&#8221;top_left&#8221; background_repeat=&#8221;repeat&#8221; text_orientation=&#8221;center&#8221; max_width_tablet=&#8221;50px&#8221; animation=&#8221;left&#8221; header_font_size_tablet=&#8221;&#8221; header_font_size_phone=&#8221;31px&#8221; header_font_size_last_edited=&#8221;on|phone&#8221; border_width_all=&#8221;0px&#8221; border_color_all=&#8221;#ffffff&#8221; border_style_all=&#8221;solid&#8221; use_border_color=&#8221;off&#8221; border_color=&#8221;#ffffff&#8221; border_width=&#8221;1px&#8221; border_style=&#8221;solid&#8221; global_colors_info=&#8221;{}&#8221;]<\/p>\n<p>Weboldal fejleszt\u00e9s, egylapos oldalt\u00f3l a komplett web\u00e1ruh\u00e1zig.<\/p>\n<p>[\/et_pb_blurb][\/et_pb_column][\/et_pb_row][\/et_pb_section][et_pb_section fb_built=&#8221;1&#8243; custom_padding_last_edited=&#8221;on|desktop&#8221; next_background_color=&#8221;#ffffff&#8221; _builder_version=&#8221;3.24.1&#8243; background_color=&#8221;#e5f5ff&#8221; custom_padding=&#8221;20px||0px|&#8221; custom_padding_tablet=&#8221;50px|0|50px|0&#8243; custom_padding_phone=&#8221;0px||10px&#8221; bottom_divider_style=&#8221;wave2&#8243; bottom_divider_flip=&#8221;horizontal&#8221; transparent_background=&#8221;off&#8221; global_colors_info=&#8221;{}&#8221;][et_pb_row column_structure=&#8221;1_2,1_2&#8243; padding_mobile=&#8221;off&#8221; column_padding_mobile=&#8221;on&#8221; _builder_version=&#8221;3.25&#8243; background_size=&#8221;initial&#8221; background_position=&#8221;top_left&#8221; background_repeat=&#8221;repeat&#8221; global_colors_info=&#8221;{}&#8221;][et_pb_column type=&#8221;1_2&#8243; _builder_version=&#8221;3.25&#8243; custom_padding=&#8221;|||&#8221; global_colors_info=&#8221;{}&#8221; custom_padding__hover=&#8221;|||&#8221;][et_pb_blurb title=&#8221;Panor\u00e1mafot\u00f3z\u00e1s&#8221; url=&#8221;https:\/\/www.panoramablog.eu&#8221; use_icon=&#8221;on&#8221; font_icon=&#8221;&#xe0c8;||divi||400&#8243; icon_color=&#8221;#4d5061&#8243; _builder_version=&#8221;4.13.0&#8243; header_font=&#8221;Comfortaa||||&#8221; header_text_color=&#8221;#7cafc4&#8243; header_font_size=&#8221;42px&#8221; header_line_height=&#8221;2.2em&#8221; body_font_size=&#8221;16px&#8221; body_letter_spacing=&#8221;1px&#8221; background_size=&#8221;initial&#8221; background_position=&#8221;top_left&#8221; background_repeat=&#8221;repeat&#8221; text_orientation=&#8221;center&#8221; max_width_tablet=&#8221;50px&#8221; animation=&#8221;left&#8221; header_font_size_tablet=&#8221;&#8221; header_font_size_phone=&#8221;31px&#8221; header_font_size_last_edited=&#8221;on|phone&#8221; border_color_all=&#8221;#ffffff&#8221; border_style_all=&#8221;solid&#8221; use_border_color=&#8221;off&#8221; border_color=&#8221;#ffffff&#8221; border_style=&#8221;solid&#8221; global_colors_info=&#8221;{}&#8221;]Panor\u00e1mak\u00e9p \u00e9s virtu\u00e1lis t\u00fara k\u00e9sz\u00edt\u00e9s, weboldalra vagy t\u00e9rk\u00e9pre, Google min\u0151s\u00edt\u00e9ssel<br \/>\n[\/et_pb_blurb][\/et_pb_column][et_pb_column type=&#8221;1_2&#8243; _builder_version=&#8221;3.25&#8243; custom_padding=&#8221;|||&#8221; global_colors_info=&#8221;{}&#8221; custom_padding__hover=&#8221;|||&#8221;][et_pb_image src=&#8221;https:\/\/famax.hu\/wp-content\/uploads\/2016\/04\/virtualis_tura.png&#8221; alt=&#8221;Virtu\u00e1lis t\u00fara, 360 fokos panor\u00e1mak\u00e9p k\u00e9sz\u00edt\u00e9s&#8221; align_tablet=&#8221;center&#8221; align_phone=&#8221;&#8221; align_last_edited=&#8221;on|desktop&#8221; disabled_on=&#8221;on|off|off&#8221; _builder_version=&#8221;3.24.1&#8243; animation_style=&#8221;slide&#8221; animation_direction=&#8221;left&#8221; animation_duration=&#8221;500ms&#8221; animation_intensity_slide=&#8221;10%&#8221; animation=&#8221;left&#8221; sticky=&#8221;off&#8221; use_border_color=&#8221;off&#8221; border_color=&#8221;#ffffff&#8221; border_style=&#8221;solid&#8221; global_colors_info=&#8221;{}&#8221;]&nbsp;<br \/>\n[\/et_pb_image][\/et_pb_column][\/et_pb_row][\/et_pb_section]<\/p>\n","protected":false},"excerpt":{"rendered":"<p>&nbsp; A FAMAX Comp szolg\u00e1ltat\u00e1sai &nbsp; Kis- \u00e9s k\u00f6z\u00e9pv\u00e1llalkoz\u00e1sok teljes informatikai rendszereinek, h\u00e1l\u00f3zatainak fix havi \u00e1ltal\u00e1nyd\u00edjas vagy eseti karbantart\u00e1sa, \u00fczemeltet\u00e9se. M\u00e1r megl\u00e9v\u0151 weboldalak teljes\u00edt\u00e9si probl\u00e9m\u00e1inak felt\u00e1r\u00e1sa, kijav\u00edt\u00e1sa, \u00faj weboldalak keres\u0151bar\u00e1t kialak\u00edt\u00e1sa. &nbsp; &nbsp; Weboldal fejleszt\u00e9s, egylapos oldalt\u00f3l a komplett web\u00e1ruh\u00e1zig. Panor\u00e1mak\u00e9p \u00e9s virtu\u00e1lis t\u00fara k\u00e9sz\u00edt\u00e9s, weboldalra vagy t\u00e9rk\u00e9pre, Google min\u0151s\u00edt\u00e9ssel &nbsp;<\/p>\n","protected":false},"author":1,"featured_media":0,"parent":0,"menu_order":0,"comment_status":"closed","ping_status":"closed","template":"","meta":{"_et_pb_use_builder":"on","_et_pb_old_content":"","_et_gb_content_width":"","footnotes":""},"class_list":["post-4001","page","type-page","status-publish","hentry"],"_links":{"self":[{"href":"https:\/\/famax.hu\/en\/wp-json\/wp\/v2\/pages\/4001","targetHints":{"allow":["GET"]}}],"collection":[{"href":"https:\/\/famax.hu\/en\/wp-json\/wp\/v2\/pages"}],"about":[{"href":"https:\/\/famax.hu\/en\/wp-json\/wp\/v2\/types\/page"}],"author":[{"embeddable":true,"href":"https:\/\/famax.hu\/en\/wp-json\/wp\/v2\/users\/1"}],"replies":[{"embeddable":true,"href":"https:\/\/famax.hu\/en\/wp-json\/wp\/v2\/comments?post=4001"}],"version-history":[{"count":1,"href":"https:\/\/famax.hu\/en\/wp-json\/wp\/v2\/pages\/4001\/revisions"}],"predecessor-version":[{"id":4670,"href":"https:\/\/famax.hu\/en\/wp-json\/wp\/v2\/pages\/4001\/revisions\/4670"}],"wp:attachment":[{"href":"https:\/\/famax.hu\/en\/wp-json\/wp\/v2\/media?parent=4001"}],"curies":[{"name":"wp","href":"https:\/\/api.w.org\/{rel}","templated":true}]}}